{"id":33,"date":"2023-03-27T20:24:13","date_gmt":"2023-03-27T20:24:13","guid":{"rendered":"https:\/\/cp1.japo.fi\/~cp4475485\/?page_id=33"},"modified":"2026-02-09T19:09:18","modified_gmt":"2026-02-09T19:09:18","slug":"hinnasto","status":"publish","type":"page","link":"https:\/\/kotihoitopohjantytto.fi\/?page_id=33","title":{"rendered":"Hinnasto"},"content":{"rendered":"\n<p>Hinnasto:<\/p>\n\n\n\n<p>Hoidon tarpeen arviointik\u00e4ynti on ilmainen s\u00e4\u00e4nn\u00f6llist\u00e4 hoivaa ja kotisairaanhoitoa suunnitellessa. T\u00e4ll\u00f6in tehd\u00e4\u00e4n<br>kirjallinen sopimus.<\/p>\n\n\n\n<p>Ty\u00f6skentelemme p\u00e4\u00e4s\u00e4\u00e4nt\u00f6isesti arkisin ja aamuvuorossa ja vain satunnaisesti muissa vuoroissa.<\/p>\n\n\n\n<p>Kotisairaanhoito, kotihoiva ja kotipalvelu arkisin 39\u20ac \/h kello 18.00 saakka.<\/p>\n\n\n\n<p>Kilometrikorvaukset yli 5km eteenp\u00e4in veloitetaan valtion verottoman matkustuss\u00e4\u00e4nn\u00f6n mukaan (0,55 e\/km) vuonna 2026<br>tai sopimuksen mukaan.<\/p>\n\n\n\n<p>Iltalis\u00e4 18.00 &#8211; 22.00 + 15% \/h.<\/p>\n\n\n\n<p>Lauantailis\u00e4 + 25% \/h ja la illasta klo. 18.00 eteenp\u00e4in on voimassa sunnuntailis\u00e4.<\/p>\n\n\n\n<p>Sunnuntai-\/arkipyh\u00e4lis\u00e4 + 80% \/h.<\/p>\n\n\n\n<p>Y\u00f6k\u00e4ynnit hinnoitellaan erikseen.<\/p>\n\n\n\n<p>Hoito- ja hoivaty\u00f6st\u00e4 voi saada kotitalousv\u00e4hennyst\u00e4. Klikkaa linkist\u00e4 halutessasi lis\u00e4tietoja.<\/p>\n\n\n\n<pre class=\"wp-block-code has-cyan-bluish-gray-background-color has-background\"><code><a href=\"https:\/\/www.vero.fi\/henkiloasiakkaat\/verokortti-ja-veroilmoitus\/vahennykset\/kotitalousvahennys\/\">https:\/\/www.vero.fi\/henkiloasiakkaat\/verokortti-ja-veroilmoitus\/vahennykset\/kotitalousvahennys\/<\/a><\/code><\/pre>\n\n\n\n<p>Hoitotarvikkeet ja l\u00e4\u00e4kkeet eiv\u00e4t sis\u00e4lly palvelun hintaan. Hinnasto on voimassa toistaiseksi.<\/p>\n\n\n\n<p><\/p>\n","protected":false},"excerpt":{"rendered":"<p>Hinnasto: Hoidon tarpeen arviointik\u00e4ynti on ilmainen s\u00e4\u00e4nn\u00f6llist\u00e4 hoivaa ja kotisairaanhoitoa suunnitellessa. T\u00e4ll\u00f6in tehd\u00e4\u00e4nkirjallinen sopimus. Ty\u00f6skentelemme p\u00e4\u00e4s\u00e4\u00e4nt\u00f6isesti arkisin ja aamuvuorossa ja vain satunnaisesti muissa vuoroissa. Kotisairaanhoito, kotihoiva ja kotipalvelu arkisin 39\u20ac \/h kello 18.00 saakka. Kilometrikorvaukset yli 5km eteenp\u00e4in veloitetaan valtion verottoman matkustuss\u00e4\u00e4nn\u00f6n mukaan (0,55 e\/km) vuonna 2026tai sopimuksen mukaan. Iltalis\u00e4 18.00 &#8211; 22.00 + 15% [&hellip;]<\/p>\n","protected":false},"author":1,"featured_media":192,"parent":0,"menu_order":0,"comment_status":"closed","ping_status":"closed","template":"","meta":{"footnotes":""},"class_list":["post-33","page","type-page","status-publish","has-post-thumbnail","czr-hentry"],"_links":{"self":[{"href":"https:\/\/kotihoitopohjantytto.fi\/index.php?rest_route=\/wp\/v2\/pages\/33","targetHints":{"allow":["GET"]}}],"collection":[{"href":"https:\/\/kotihoitopohjantytto.fi\/index.php?rest_route=\/wp\/v2\/pages"}],"about":[{"href":"https:\/\/kotihoitopohjantytto.fi\/index.php?rest_route=\/wp\/v2\/types\/page"}],"author":[{"embeddable":true,"href":"https:\/\/kotihoitopohjantytto.fi\/index.php?rest_route=\/wp\/v2\/users\/1"}],"replies":[{"embeddable":true,"href":"https:\/\/kotihoitopohjantytto.fi\/index.php?rest_route=%2Fwp%2Fv2%2Fcomments&post=33"}],"version-history":[{"count":13,"href":"https:\/\/kotihoitopohjantytto.fi\/index.php?rest_route=\/wp\/v2\/pages\/33\/revisions"}],"predecessor-version":[{"id":259,"href":"https:\/\/kotihoitopohjantytto.fi\/index.php?rest_route=\/wp\/v2\/pages\/33\/revisions\/259"}],"wp:featuredmedia":[{"embeddable":true,"href":"https:\/\/kotihoitopohjantytto.fi\/index.php?rest_route=\/wp\/v2\/media\/192"}],"wp:attachment":[{"href":"https:\/\/kotihoitopohjantytto.fi\/index.php?rest_route=%2Fwp%2Fv2%2Fmedia&parent=33"}],"curies":[{"name":"wp","href":"https:\/\/api.w.org\/{rel}","templated":true}]}}